{"id":2651,"date":"2017-10-20T05:19:04","date_gmt":"2017-10-20T05:19:04","guid":{"rendered":"https:\/\/victorthemes.com\/themes\/groppe\/?page_id=2651"},"modified":"2022-12-21T17:04:12","modified_gmt":"2022-12-21T17:04:12","slug":"home-two","status":"publish","type":"page","link":"https:\/\/proportionalmessage.eu\/en\/home-two\/","title":{"rendered":"Proportional Message"},"content":{"rendered":"<p>[et_pb_section][et_pb_row][et_pb_column type=&#8221;4_4&#8243;][et_pb_text]<\/p>\n<p>[vc_row][vc_column text_alignment=&#8221;text-center&#8221; css=&#8221;.vc_custom_1622211474755{margin-top: 20px !important;margin-bottom: 20px !important;}&#8221;][grop_title title=&#8221;MISS\u00c3O&#8221; css=&#8221;.vc_custom_1622210263781{margin-top: 15px !important;}&#8221;][vc_column_text]<\/p>\n<p style=\"text-align: center;\"><em><strong>Apoiar grupos socialmente desfavorecidos atrav\u00e9s dos valores human\u00edsticos da educa\u00e7\u00e3o.<\/strong><\/em><\/p>\n<p>[\/vc_column_text][\/vc_column][\/vc_row][vc_row full_width=&#8221;stretch_row_content_no_spaces&#8221; overlay_dotted=&#8221;&#8221; css=&#8221;.vc_custom_1506574086359{margin-bottom: 130px !important;}&#8221;][vc_column width=&#8221;1\/2&#8243;][grop_services service_style=&#8221;call-out&#8221; service_items_2=&#8221;%5B%7B%22icon%22%3A%22295%22%2C%22title%22%3A%22Educa%C3%A7%C3%A3o%20e%20forma%C3%A7%C3%A3o%22%2C%22desc%22%3A%22para%20adultos%20com%20poucas%20qualifica%C3%A7%C3%B5es%20e%20pessoas%20provenientes%20de%20meios%20desfavorecidos%22%7D%2C%7B%22icon%22%3A%22295%22%2C%22title%22%3A%22Atividades%20de%20forma%C3%A7%C3%A3o%22%2C%22desc%22%3A%22que%20ajudam%20os%20participantes%20a%20adquirir%20compet%C3%AAncias%20essenciais%20para%20a%20inclus%C3%A3o%20no%20mercado%20de%20trabalho%20e%20a%20promover%20a%20sua%20integra%C3%A7%C3%A3o%20social.%5Cn%5Cn%5Cn%5Cn%22%2C%22open_link%22%3A%22true%22%7D%5D&#8221; title_color=&#8221;#ffffff&#8221; title_size=&#8221;20&#8243; title_hover_color=&#8221;#ffffff&#8221; content_color=&#8221;#000000&#8243;][\/vc_column][vc_column width=&#8221;1\/2&#8243;][grop_services service_style=&#8221;call-out&#8221; service_items_2=&#8221;%5B%7B%22icon%22%3A%22295%22%2C%22title%22%3A%22Apoio%20Social%22%2C%22desc%22%3A%22Apoio%20ao%20desenvolvimento%20de%20habilidades%20b%C3%A1sicas%20e%20compet%C3%AAncias%20essenciais%20para%20promover%20a%20empregabilidade%20e%20o%20desenvolvimento%20socioecon%C3%B3mico.%20%22%7D%2C%7B%22icon%22%3A%22295%22%2C%22title%22%3A%22Semin%C3%A1rios%20e%20palestras%22%2C%22desc%22%3A%22para%20a%20promo%C3%A7%C3%A3o%20da%20inclus%C3%A3o%20social%2C%20a%20partilha%20de%20valores%20humanos%2C%20a%20n%C3%A3o%20discrimina%C3%A7%C3%A3o%20a%20igualdade%20e%20a%20diversidade.%5Cn%5Cn%22%7D%5D&#8221; content_color=&#8221;#000000&#8243;][\/vc_column][\/vc_row][vc_row overlay_dotted=&#8221;&#8221; css=&#8221;.vc_custom_1602844932033{margin-top: 0px !important;margin-bottom: 0px !important;padding-right: 0px !important;padding-left: 0px !important;}&#8221; el_id=&#8221;about&#8221; el_class=&#8221;about&#8221;][vc_column width=&#8221;1\/2&#8243; css=&#8221;.vc_custom_1622211502314{margin-top: 0px !important;padding-top: 0px !important;}&#8221; el_id=&#8221;about&#8221; el_class=&#8221;about&#8221;][vc_empty_space height=&#8221;50px&#8221;][vc_single_image image=&#8221;2731&#8243; img_size=&#8221;large&#8221; style=&#8221;vc_box_rounded&#8221;][\/vc_column][vc_column width=&#8221;1\/2&#8243; text_alignment=&#8221;text-center&#8221; css=&#8221;.vc_custom_1622211063216{padding-top: 10px !important;}&#8221;][grop_counter counter_style=&#8221;standard&#8221; counter_column=&#8221;col-3&#8243; counters2=&#8221;%5B%7B%22counter_value%22%3A%226%22%2C%22title%22%3A%22PROJECTOS%20INTERNACIONAIS%22%7D%2C%7B%22counter_value%22%3A%2220%22%2C%22title%22%3A%22PARCEIROS%20INTERNACIONAIS%22%7D%2C%7B%22counter_value%22%3A%222500%22%2C%22title%22%3A%22PESSOAS%20IMPACTADAS%22%7D%5D&#8221; counter_value_size=&#8221;18px&#8221;][vc_custom_heading text=&#8221;SOBRE N\u00d3S&#8221; font_container=&#8221;tag:h2|text_align:right&#8221;][vc_column_text]<\/p>\n<p style=\"text-align: right;\">Apoiamos pessoas com origens desfavorecidas atrav\u00e9s do desenvolvimento de valores de educa\u00e7\u00e3o humanista, para melhorar o desenvolvimento integral do indiv\u00edduo, tanto pessoal como coletivamente. Pretendemos contribuir para a cria\u00e7\u00e3o de ambientes educativos, pr\u00e1ticas e investiga\u00e7\u00e3o onde as \u00e1reas social, emocional e cognitiva possam ser desenvolvidas, para a realiza\u00e7\u00e3o do potencial humano.<\/p>\n<p>[\/vc_column_text][\/vc_column][\/vc_row][vc_row overlay_dotted=&#8221;&#8221; css=&#8221;.vc_custom_1603124943265{padding-top: 100px !important;padding-bottom: 94px !important;}&#8221;][vc_column width=&#8221;3\/4&#8243; el_class=&#8221;vision&#8221;][vc_custom_heading text=&#8221;A NOSSA VIS\u00c3O&#8221;][vc_column_text]<\/p>\n<p style=\"text-align: left;\">&#8220;Reconhecemos que a aprendizagem ao longo da vida e a educa\u00e7\u00e3o n\u00e3o formal com adultos e comunidades marginalizadas s\u00e3o a chave para desenvolver compet\u00eancias sociais, emocionais e cognitivas e, simultaneamente, a realiza\u00e7\u00e3o pessoal dos indiv\u00edduos. Visando o desenvolvimento hol\u00edstico, assumimos promover e desenvolver transforma\u00e7\u00f5es positivas na sociedade e facilitar o acesso a oportunidades de aprendizagem.&#8221;<\/p>\n<p>[\/vc_column_text][\/vc_column][vc_column width=&#8221;1\/4&#8243; text_alignment=&#8221;text-right&#8221;][vc_single_image image=&#8221;2793&#8243; img_size=&#8221;220&#215;220&#8243; alignment=&#8221;right&#8221; style=&#8221;vc_box_circle_2&#8243;][\/vc_column][\/vc_row][vc_row full_width=&#8221;stretch_row_content_no_spaces&#8221; overlay_dotted=&#8221;&#8221;][vc_column css=&#8221;.vc_custom_1505390415025{padding-top: 0px !important;}&#8221;][grop_blog_carousel blog_title=&#8221;NOT\u00cdCIAS&#8221; blog_desc=&#8221;As nossas \u00faltimas actividades&#8221; blog_limit=&#8221;-1&#8243; blog_order=&#8221;DESC&#8221; blog_category=&#8221;&#8221; blog_date=&#8221;&#8221; blog_comments=&#8221;&#8221; carousel_items=&#8221;3&#8243; carousel_nav=&#8221;true&#8221;][\/vc_column][\/vc_row]<\/p>\n<p>[\/et_pb_text][\/et_pb_column][\/et_pb_row][\/et_pb_section]<\/p>\n","protected":false},"excerpt":{"rendered":"<p><div class=\"et_pb_section et_pb_section_0 et_section_regular\" >\n\t\t\t\t\n\t\t\t\t\n\t\t\t\t\n\t\t\t\t\n\t\t\t\t\n\t\t\t\t\n\t\t\t\t\n\t\t\t\t\n\t\t\t\t\n\t\t\t<\/div><div class=\"et_pb_row et_pb_row_0 et_pb_row_empty\">\n\t\t\t\t\n\t\t\t\t\n\t\t\t\t\n\t\t\t\t\n\t\t\t\t\n\t\t\t<\/div><div class=\"et_pb_module et_pb_text et_pb_text_0  et_pb_text_align_left et_pb_bg_layout_light\">\n\t\t\t\t\n\t\t\t\t\n\t\t\t\t\n\t\t\t\t\n\t\t\t\t\n\t\t\t<\/div> [vc_row][vc_column text_alignment=&#8221;text-center&#8221; css=&#8221;.vc_custom_1622211474755{margin-top: 20px !important;margin-bottom: 20px !important;}&#8221;][grop_title title=&#8221;MISS\u00c3O&#8221; css=&#8221;.vc_custom_1622210263781{margin-top: 15px !important;}&#8221;][vc_column_text] Apoiar grupos socialmente desfavorecidos atrav\u00e9s dos valores human\u00edsticos da educa\u00e7\u00e3o. [\/vc_column_text][\/vc_column][\/vc_row][vc_row full_width=&#8221;stretch_row_content_no_spaces&#8221; overlay_dotted=&#8221;&#8221; css=&#8221;.vc_custom_1506574086359{margin-bottom: 130px !important;}&#8221;][vc_column width=&#8221;1\/2&#8243;][grop_services service_style=&#8221;call-out&#8221; service_items_2=&#8221;%5B%7B%22icon%22%3A%22295%22%2C%22title%22%3A%22Educa%C3%A7%C3%A3o%20e%20forma%C3%A7%C3%A3o%22%2C%22desc%22%3A%22para%20adultos%20com%20poucas%20qualifica%C3%A7%C3%B5es%20e%20pessoas%20provenientes%20de%20meios%20desfavorecidos%22%7D%2C%7B%22icon%22%3A%22295%22%2C%22title%22%3A%22Atividades%20de%20forma%C3%A7%C3%A3o%22%2C%22desc%22%3A%22que%20ajudam%20os%20participantes%20a%20adquirir%20compet%C3%AAncias%20essenciais%20para%20a%20inclus%C3%A3o%20no%20mercado%20de%20trabalho%20e%20a%20promover%20a%20sua%20integra%C3%A7%C3%A3o%20social.%5Cn%5Cn%5Cn%5Cn%22%2C%22open_link%22%3A%22true%22%7D%5D&#8221; title_color=&#8221;#ffffff&#8221; title_size=&#8221;20&#8243; title_hover_color=&#8221;#ffffff&#8221; content_color=&#8221;#000000&#8243;][\/vc_column][vc_column width=&#8221;1\/2&#8243;][grop_services service_style=&#8221;call-out&#8221; service_items_2=&#8221;%5B%7B%22icon%22%3A%22295%22%2C%22title%22%3A%22Apoio%20Social%22%2C%22desc%22%3A%22Apoio%20ao%20desenvolvimento%20de%20habilidades%20b%C3%A1sicas%20e%20compet%C3%AAncias%20essenciais%20para%20promover%20a%20empregabilidade%20e%20o%20desenvolvimento%20socioecon%C3%B3mico.%20%22%7D%2C%7B%22icon%22%3A%22295%22%2C%22title%22%3A%22Semin%C3%A1rios%20e%20palestras%22%2C%22desc%22%3A%22para%20a%20promo%C3%A7%C3%A3o%20da%20inclus%C3%A3o%20social%2C%20a%20partilha%20de%20valores%20humanos%2C%20a%20n%C3%A3o%20discrimina%C3%A7%C3%A3o%20a%20igualdade%20e%20a%20diversidade.%5Cn%5Cn%22%7D%5D&#8221; content_color=&#8221;#000000&#8243;][\/vc_column][\/vc_row][vc_row overlay_dotted=&#8221;&#8221; css=&#8221;.vc_custom_1602844932033{margin-top: 0px !important;margin-bottom: 0px !important;padding-right: 0px !important;padding-left: 0px !important;}&#8221; el_id=&#8221;about&#8221; el_class=&#8221;about&#8221;][vc_column width=&#8221;1\/2&#8243; css=&#8221;.vc_custom_1622211502314{margin-top: 0px !important;padding-top: [&hellip;]<\/p>\n","protected":false},"author":1,"featured_media":3282,"parent":0,"menu_order":0,"comment_status":"closed","ping_status":"closed","template":"","meta":{"_et_pb_use_builder":"on","_et_pb_old_content":"<p>[vc_row][vc_column text_alignment=\"text-center\" css=\".vc_custom_1622211474755{margin-top: 20px !important;margin-bottom: 20px !important;}\"][grop_title title=\"MISS\u00c3O\" css=\".vc_custom_1622210263781{margin-top: 15px !important;}\"][vc_column_text]<\/p><p style=\"text-align: center;\"><em><strong>Apoiar grupos socialmente desfavorecidos atrav\u00e9s dos valores human\u00edsticos da educa\u00e7\u00e3o.<\/strong><\/em><\/p><p>[\/vc_column_text][\/vc_column][\/vc_row][vc_row full_width=\"stretch_row_content_no_spaces\" overlay_dotted=\"\" css=\".vc_custom_1506574086359{margin-bottom: 130px !important;}\"][vc_column width=\"1\/2\"][grop_services service_style=\"call-out\" service_items_2=\"%5B%7B%22icon%22%3A%22295%22%2C%22title%22%3A%22Educa%C3%A7%C3%A3o%20e%20forma%C3%A7%C3%A3o%22%2C%22desc%22%3A%22para%20adultos%20com%20poucas%20qualifica%C3%A7%C3%B5es%20e%20pessoas%20provenientes%20de%20meios%20desfavorecidos%22%7D%2C%7B%22icon%22%3A%22295%22%2C%22title%22%3A%22Atividades%20de%20forma%C3%A7%C3%A3o%22%2C%22desc%22%3A%22que%20ajudam%20os%20participantes%20a%20adquirir%20compet%C3%AAncias%20essenciais%20para%20a%20inclus%C3%A3o%20no%20mercado%20de%20trabalho%20e%20a%20promover%20a%20sua%20integra%C3%A7%C3%A3o%20social.%5Cn%5Cn%5Cn%5Cn%22%2C%22open_link%22%3A%22true%22%7D%5D\" title_color=\"#ffffff\" title_size=\"20\" title_hover_color=\"#ffffff\" content_color=\"#000000\"][\/vc_column][vc_column width=\"1\/2\"][grop_services service_style=\"call-out\" service_items_2=\"%5B%7B%22icon%22%3A%22295%22%2C%22title%22%3A%22Apoio%20Social%22%2C%22desc%22%3A%22Apoio%20ao%20desenvolvimento%20de%20habilidades%20b%C3%A1sicas%20e%20compet%C3%AAncias%20essenciais%20para%20promover%20a%20empregabilidade%20e%20o%20desenvolvimento%20socioecon%C3%B3mico.%20%22%7D%2C%7B%22icon%22%3A%22295%22%2C%22title%22%3A%22Semin%C3%A1rios%20e%20palestras%22%2C%22desc%22%3A%22para%20a%20promo%C3%A7%C3%A3o%20da%20inclus%C3%A3o%20social%2C%20a%20partilha%20de%20valores%20humanos%2C%20a%20n%C3%A3o%20discrimina%C3%A7%C3%A3o%20a%20igualdade%20e%20a%20diversidade.%5Cn%5Cn%22%7D%5D\" content_color=\"#000000\"][\/vc_column][\/vc_row][vc_row overlay_dotted=\"\" css=\".vc_custom_1602844932033{margin-top: 0px !important;margin-bottom: 0px !important;padding-right: 0px !important;padding-left: 0px !important;}\" el_id=\"about\" el_class=\"about\"][vc_column width=\"1\/2\" css=\".vc_custom_1622211502314{margin-top: 0px !important;padding-top: 0px !important;}\" el_id=\"about\" el_class=\"about\"][vc_empty_space height=\"50px\"][vc_single_image image=\"2731\" img_size=\"large\" style=\"vc_box_rounded\"][\/vc_column][vc_column width=\"1\/2\" text_alignment=\"text-center\" css=\".vc_custom_1622211063216{padding-top: 10px !important;}\"][grop_counter counter_style=\"standard\" counter_column=\"col-3\" counters2=\"%5B%7B%22counter_value%22%3A%226%22%2C%22title%22%3A%22PROJECTOS%20INTERNACIONAIS%22%7D%2C%7B%22counter_value%22%3A%2220%22%2C%22title%22%3A%22PARCEIROS%20INTERNACIONAIS%22%7D%2C%7B%22counter_value%22%3A%222500%22%2C%22title%22%3A%22PESSOAS%20IMPACTADAS%22%7D%5D\" counter_value_size=\"18px\"][vc_custom_heading text=\"SOBRE N\u00d3S\" font_container=\"tag:h2|text_align:right\"][vc_column_text]<\/p><p style=\"text-align: right;\">Apoiamos pessoas com origens desfavorecidas atrav\u00e9s do desenvolvimento de valores de educa\u00e7\u00e3o humanista, para melhorar o desenvolvimento integral do indiv\u00edduo, tanto pessoal como coletivamente. Pretendemos contribuir para a cria\u00e7\u00e3o de ambientes educativos, pr\u00e1ticas e investiga\u00e7\u00e3o onde as \u00e1reas social, emocional e cognitiva possam ser desenvolvidas, para a realiza\u00e7\u00e3o do potencial humano.<\/p><p>[\/vc_column_text][\/vc_column][\/vc_row][vc_row overlay_dotted=\"\" css=\".vc_custom_1603124943265{padding-top: 100px !important;padding-bottom: 94px !important;}\"][vc_column width=\"3\/4\" el_class=\"vision\"][vc_custom_heading text=\"A NOSSA VIS\u00c3O\"][vc_column_text]<\/p><p style=\"text-align: left;\">\"Reconhecemos que a aprendizagem ao longo da vida e a educa\u00e7\u00e3o n\u00e3o formal com adultos e comunidades marginalizadas s\u00e3o a chave para desenvolver compet\u00eancias sociais, emocionais e cognitivas e, simultaneamente, a realiza\u00e7\u00e3o pessoal dos indiv\u00edduos. Visando o desenvolvimento hol\u00edstico, assumimos promover e desenvolver transforma\u00e7\u00f5es positivas na sociedade e facilitar o acesso a oportunidades de aprendizagem.\"<\/p><p>[\/vc_column_text][\/vc_column][vc_column width=\"1\/4\" text_alignment=\"text-right\"][vc_single_image image=\"2793\" img_size=\"220x220\" alignment=\"right\" style=\"vc_box_circle_2\"][\/vc_column][\/vc_row][vc_row full_width=\"stretch_row_content_no_spaces\" overlay_dotted=\"\"][vc_column css=\".vc_custom_1505390415025{padding-top: 0px !important;}\"][grop_blog_carousel blog_title=\"NOT\u00cdCIAS\" blog_desc=\"As nossas \u00faltimas actividades\" blog_limit=\"-1\" blog_order=\"DESC\" blog_category=\"\" blog_date=\"\" blog_comments=\"\" carousel_items=\"3\" carousel_nav=\"true\"][\/vc_column][\/vc_row]<\/p>","_et_gb_content_width":"","footnotes":""},"class_list":["post-2651","page","type-page","status-publish","has-post-thumbnail","hentry"],"yoast_head":"<!-- This site is optimized with the Yoast SEO plugin v27.2 - https:\/\/yoast.com\/product\/yoast-seo-wordpress\/ -->\n<title>Proportional Message - Educa\u00e7\u00e3o, forma\u00e7\u00e3o profissional e apoio social<\/title>\n<meta name=\"description\" content=\"A Proportional Message \u00e9 uma associa\u00e7\u00e3o que apoia pessoas socialmente desfavorecidas atrav\u00e9s da Educa\u00e7\u00e3o e Forma\u00e7\u00e3o Profissional.\" \/>\n<meta name=\"robots\" content=\"index, follow, max-snippet:-1, max-image-preview:large, max-video-preview:-1\" \/>\n<link rel=\"canonical\" href=\"https:\/\/proportionalmessage.eu\/en\/home-two\/\" \/>\n<meta property=\"og:locale\" content=\"en_GB\" \/>\n<meta property=\"og:type\" content=\"article\" \/>\n<meta property=\"og:title\" content=\"Proportional Message - Educa\u00e7\u00e3o, forma\u00e7\u00e3o profissional e apoio social\" \/>\n<meta property=\"og:description\" content=\"A Proportional Message \u00e9 uma associa\u00e7\u00e3o que apoia pessoas socialmente desfavorecidas atrav\u00e9s da Educa\u00e7\u00e3o e Forma\u00e7\u00e3o Profissional.\" \/>\n<meta property=\"og:url\" content=\"https:\/\/proportionalmessage.eu\/en\/home-two\/\" \/>\n<meta property=\"og:site_name\" content=\"Proportional Message\" \/>\n<meta property=\"article:modified_time\" content=\"2022-12-21T17:04:12+00:00\" \/>\n<meta property=\"og:image\" content=\"https:\/\/proportionalmessage.eu\/wp-content\/uploads\/2022\/01\/Proportional-message-associacao-apoio-social.png\" \/>\n\t<meta property=\"og:image:width\" content=\"150\" \/>\n\t<meta property=\"og:image:height\" content=\"150\" \/>\n\t<meta property=\"og:image:type\" content=\"image\/png\" \/>\n<meta name=\"twitter:card\" content=\"summary_large_image\" \/>\n<meta name=\"twitter:label1\" content=\"Estimated reading time\" \/>\n\t<meta name=\"twitter:data1\" content=\"2 minutes\" \/>\n<script type=\"application\/ld+json\" class=\"yoast-schema-graph\">{\"@context\":\"https:\/\/schema.org\",\"@graph\":[{\"@type\":\"WebPage\",\"@id\":\"https:\/\/proportionalmessage.eu\/home-two\/\",\"url\":\"https:\/\/proportionalmessage.eu\/home-two\/\",\"name\":\"Proportional Message - Educa\u00e7\u00e3o, forma\u00e7\u00e3o profissional e apoio social\",\"isPartOf\":{\"@id\":\"https:\/\/proportionalmessage.eu\/en\/#website\"},\"primaryImageOfPage\":{\"@id\":\"https:\/\/proportionalmessage.eu\/home-two\/#primaryimage\"},\"image\":{\"@id\":\"https:\/\/proportionalmessage.eu\/home-two\/#primaryimage\"},\"thumbnailUrl\":\"https:\/\/proportionalmessage.eu\/wp-content\/uploads\/2022\/01\/Proportional-message-associacao-apoio-social.png\",\"datePublished\":\"2017-10-20T05:19:04+00:00\",\"dateModified\":\"2022-12-21T17:04:12+00:00\",\"description\":\"A Proportional Message \u00e9 uma associa\u00e7\u00e3o que apoia pessoas socialmente desfavorecidas atrav\u00e9s da Educa\u00e7\u00e3o e Forma\u00e7\u00e3o Profissional.\",\"breadcrumb\":{\"@id\":\"https:\/\/proportionalmessage.eu\/home-two\/#breadcrumb\"},\"inLanguage\":\"en-GB\",\"potentialAction\":[{\"@type\":\"ReadAction\",\"target\":[\"https:\/\/proportionalmessage.eu\/home-two\/\"]}]},{\"@type\":\"ImageObject\",\"inLanguage\":\"en-GB\",\"@id\":\"https:\/\/proportionalmessage.eu\/home-two\/#primaryimage\",\"url\":\"https:\/\/proportionalmessage.eu\/wp-content\/uploads\/2022\/01\/Proportional-message-associacao-apoio-social.png\",\"contentUrl\":\"https:\/\/proportionalmessage.eu\/wp-content\/uploads\/2022\/01\/Proportional-message-associacao-apoio-social.png\",\"width\":150,\"height\":150},{\"@type\":\"BreadcrumbList\",\"@id\":\"https:\/\/proportionalmessage.eu\/home-two\/#breadcrumb\",\"itemListElement\":[{\"@type\":\"ListItem\",\"position\":1,\"name\":\"In\u00edcio\",\"item\":\"https:\/\/proportionalmessage.eu\/en\/\"},{\"@type\":\"ListItem\",\"position\":2,\"name\":\"Proportional Message\"}]},{\"@type\":\"WebSite\",\"@id\":\"https:\/\/proportionalmessage.eu\/en\/#website\",\"url\":\"https:\/\/proportionalmessage.eu\/en\/\",\"name\":\"Proportional Message\",\"description\":\"Associa\u00e7\u00e3o\",\"potentialAction\":[{\"@type\":\"SearchAction\",\"target\":{\"@type\":\"EntryPoint\",\"urlTemplate\":\"https:\/\/proportionalmessage.eu\/en\/?s={search_term_string}\"},\"query-input\":{\"@type\":\"PropertyValueSpecification\",\"valueRequired\":true,\"valueName\":\"search_term_string\"}}],\"inLanguage\":\"en-GB\"}]}<\/script>\n<!-- \/ Yoast SEO plugin. -->","yoast_head_json":{"title":"Proportional Message - Educa\u00e7\u00e3o, forma\u00e7\u00e3o profissional e apoio social","description":"A Proportional Message \u00e9 uma associa\u00e7\u00e3o que apoia pessoas socialmente desfavorecidas atrav\u00e9s da Educa\u00e7\u00e3o e Forma\u00e7\u00e3o Profissional.","robots":{"index":"index","follow":"follow","max-snippet":"max-snippet:-1","max-image-preview":"max-image-preview:large","max-video-preview":"max-video-preview:-1"},"canonical":"https:\/\/proportionalmessage.eu\/en\/home-two\/","og_locale":"en_GB","og_type":"article","og_title":"Proportional Message - Educa\u00e7\u00e3o, forma\u00e7\u00e3o profissional e apoio social","og_description":"A Proportional Message \u00e9 uma associa\u00e7\u00e3o que apoia pessoas socialmente desfavorecidas atrav\u00e9s da Educa\u00e7\u00e3o e Forma\u00e7\u00e3o Profissional.","og_url":"https:\/\/proportionalmessage.eu\/en\/home-two\/","og_site_name":"Proportional Message","article_modified_time":"2022-12-21T17:04:12+00:00","og_image":[{"width":150,"height":150,"url":"https:\/\/proportionalmessage.eu\/wp-content\/uploads\/2022\/01\/Proportional-message-associacao-apoio-social.png","type":"image\/png"}],"twitter_card":"summary_large_image","twitter_misc":{"Estimated reading time":"2 minutes"},"schema":{"@context":"https:\/\/schema.org","@graph":[{"@type":"WebPage","@id":"https:\/\/proportionalmessage.eu\/home-two\/","url":"https:\/\/proportionalmessage.eu\/home-two\/","name":"Proportional Message - Educa\u00e7\u00e3o, forma\u00e7\u00e3o profissional e apoio social","isPartOf":{"@id":"https:\/\/proportionalmessage.eu\/en\/#website"},"primaryImageOfPage":{"@id":"https:\/\/proportionalmessage.eu\/home-two\/#primaryimage"},"image":{"@id":"https:\/\/proportionalmessage.eu\/home-two\/#primaryimage"},"thumbnailUrl":"https:\/\/proportionalmessage.eu\/wp-content\/uploads\/2022\/01\/Proportional-message-associacao-apoio-social.png","datePublished":"2017-10-20T05:19:04+00:00","dateModified":"2022-12-21T17:04:12+00:00","description":"A Proportional Message \u00e9 uma associa\u00e7\u00e3o que apoia pessoas socialmente desfavorecidas atrav\u00e9s da Educa\u00e7\u00e3o e Forma\u00e7\u00e3o Profissional.","breadcrumb":{"@id":"https:\/\/proportionalmessage.eu\/home-two\/#breadcrumb"},"inLanguage":"en-GB","potentialAction":[{"@type":"ReadAction","target":["https:\/\/proportionalmessage.eu\/home-two\/"]}]},{"@type":"ImageObject","inLanguage":"en-GB","@id":"https:\/\/proportionalmessage.eu\/home-two\/#primaryimage","url":"https:\/\/proportionalmessage.eu\/wp-content\/uploads\/2022\/01\/Proportional-message-associacao-apoio-social.png","contentUrl":"https:\/\/proportionalmessage.eu\/wp-content\/uploads\/2022\/01\/Proportional-message-associacao-apoio-social.png","width":150,"height":150},{"@type":"BreadcrumbList","@id":"https:\/\/proportionalmessage.eu\/home-two\/#breadcrumb","itemListElement":[{"@type":"ListItem","position":1,"name":"In\u00edcio","item":"https:\/\/proportionalmessage.eu\/en\/"},{"@type":"ListItem","position":2,"name":"Proportional Message"}]},{"@type":"WebSite","@id":"https:\/\/proportionalmessage.eu\/en\/#website","url":"https:\/\/proportionalmessage.eu\/en\/","name":"Proportional Message","description":"Associa\u00e7\u00e3o","potentialAction":[{"@type":"SearchAction","target":{"@type":"EntryPoint","urlTemplate":"https:\/\/proportionalmessage.eu\/en\/?s={search_term_string}"},"query-input":{"@type":"PropertyValueSpecification","valueRequired":true,"valueName":"search_term_string"}}],"inLanguage":"en-GB"}]}},"_links":{"self":[{"href":"https:\/\/proportionalmessage.eu\/en\/wp-json\/wp\/v2\/pages\/2651","targetHints":{"allow":["GET"]}}],"collection":[{"href":"https:\/\/proportionalmessage.eu\/en\/wp-json\/wp\/v2\/pages"}],"about":[{"href":"https:\/\/proportionalmessage.eu\/en\/wp-json\/wp\/v2\/types\/page"}],"author":[{"embeddable":true,"href":"https:\/\/proportionalmessage.eu\/en\/wp-json\/wp\/v2\/users\/1"}],"replies":[{"embeddable":true,"href":"https:\/\/proportionalmessage.eu\/en\/wp-json\/wp\/v2\/comments?post=2651"}],"version-history":[{"count":115,"href":"https:\/\/proportionalmessage.eu\/en\/wp-json\/wp\/v2\/pages\/2651\/revisions"}],"predecessor-version":[{"id":3434,"href":"https:\/\/proportionalmessage.eu\/en\/wp-json\/wp\/v2\/pages\/2651\/revisions\/3434"}],"wp:featuredmedia":[{"embeddable":true,"href":"https:\/\/proportionalmessage.eu\/en\/wp-json\/wp\/v2\/media\/3282"}],"wp:attachment":[{"href":"https:\/\/proportionalmessage.eu\/en\/wp-json\/wp\/v2\/media?parent=2651"}],"curies":[{"name":"wp","href":"https:\/\/api.w.org\/{rel}","templated":true}]}}