{"id":3245,"date":"2022-01-17T16:41:28","date_gmt":"2022-01-17T16:41:28","guid":{"rendered":"https:\/\/proportionalmessage.eu\/?page_id=3245"},"modified":"2024-01-18T18:41:20","modified_gmt":"2024-01-18T18:41:20","slug":"contactos","status":"publish","type":"page","link":"https:\/\/proportionalmessage.eu\/en\/contactos\/","title":{"rendered":"CONTACTOS"},"content":{"rendered":"<p>[et_pb_section fb_built=&#8221;1&#8243; admin_label=&#8221;Contact&#8221; _builder_version=&#8221;4.19.4&#8243; background_image=&#8221;https:\/\/proportionalmessage.eu\/wp-content\/uploads\/2022\/01\/consutant-03.jpg&#8221; custom_margin=&#8221;|||&#8221; custom_padding=&#8221;0px|0px|0px|0px&#8221; box_shadow_style=&#8221;preset7&#8243; box_shadow_horizontal=&#8221;0px&#8221; box_shadow_vertical=&#8221;80px&#8221; box_shadow_color=&#8221;#ffffff&#8221; global_colors_info=&#8221;{}&#8221; locked=&#8221;off&#8221;][et_pb_row custom_padding_last_edited=&#8221;on|phone&#8221; _builder_version=&#8221;4.23.4&#8243; background_color=&#8221;#ffffff&#8221; custom_margin=&#8221;|||&#8221; custom_padding=&#8221;60px|60px|60px|60px&#8221; custom_padding_tablet=&#8221;&#8221; custom_padding_phone=&#8221;|40px||40px&#8221; animation_style=&#8221;slide&#8221; animation_direction=&#8221;bottom&#8221; animation_duration=&#8221;1500ms&#8221; animation_delay=&#8221;200ms&#8221; animation_intensity_slide=&#8221;10%&#8221; animation_starting_opacity=&#8221;100%&#8221; hover_enabled=&#8221;0&#8243; box_shadow_style=&#8221;preset3&#8243; box_shadow_vertical=&#8221;15px&#8221; box_shadow_blur=&#8221;80px&#8221; box_shadow_color=&#8221;rgba(0,0,0,0.2)&#8221; global_colors_info=&#8221;{}&#8221; sticky_enabled=&#8221;0&#8243;][et_pb_column type=&#8221;4_4&#8243; _builder_version=&#8221;4.16&#8243; custom_padding=&#8221;|||&#8221; global_colors_info=&#8221;{}&#8221; custom_padding__hover=&#8221;|||&#8221;][et_pb_text _builder_version=&#8221;4.16&#8243; text_font=&#8221;|||on|||||&#8221; header_font=&#8221;||||||||&#8221; header_2_font=&#8221;Playfair Display|700|||||||&#8221; header_2_font_size=&#8221;38px&#8221; header_2_letter_spacing=&#8221;1px&#8221; header_2_line_height=&#8221;1.4em&#8221; header_3_font=&#8221;Poppins|700||on|||||&#8221; header_3_text_color=&#8221;#edbb5f&#8221; header_3_font_size=&#8221;14px&#8221; header_3_letter_spacing=&#8221;1px&#8221; header_3_line_height=&#8221;2em&#8221; text_orientation=&#8221;center&#8221; max_width=&#8221;550px&#8221; module_alignment=&#8221;center&#8221; locked=&#8221;off&#8221; global_colors_info=&#8221;{}&#8221;]<\/p>\n<h2>Contacte-nos<\/h2>\n<p>[\/et_pb_text][et_pb_text _builder_version=&#8221;4.19.4&#8243; text_font=&#8221;Poppins|600||on|||||&#8221; text_letter_spacing=&#8221;2px&#8221; text_line_height=&#8221;2em&#8221; ul_font=&#8221;||||||||&#8221; background_color=&#8221;#6B6B6B&#8221; text_orientation=&#8221;center&#8221; background_layout=&#8221;dark&#8221; custom_margin=&#8221;|||&#8221; custom_padding=&#8221;60px|40px|60px|40px&#8221; custom_padding_last_edited=&#8221;off|desktop&#8221; animation_style=&#8221;flip&#8221; animation_delay=&#8221;200ms&#8221; border_color_all=&#8221;#E02B20&#8243; border_width_top=&#8221;8px&#8221; border_color_top=&#8221;#e02b20&#8243; locked=&#8221;off&#8221; global_colors_info=&#8221;{}&#8221;]<\/p>\n<p>Morada:<\/p>\n<p><span style=\"color: #ffffff;\"><a href=\"https:\/\/maps.app.goo.gl\/ZDzLnuu1fqihDVbU9\" style=\"color: #ffffff;\">Rua de Costa Cabral 167, Paranhos<\/a><\/span><\/p>\n<p><span style=\"color: #ffffff;\"><a href=\"https:\/\/maps.app.goo.gl\/ZDzLnuu1fqihDVbU9\" style=\"color: #ffffff;\">4200-221 Porto<\/a><\/span><\/p>\n<p><span style=\"color: #ffffff;\"><\/span><\/p>\n<p>ATENDIMENTO APENAS POR MARCA\u00c7\u00c3O<\/p>\n<p>Segunda a Sexta-feira:\u00a0<br \/>9h-13h | 14h-18h<\/p>\n<p>&nbsp;<\/p>\n<p>Email:<\/p>\n<p><span style=\"color: #ffffff;\"><a href=\"mailto:geral@proportionalmessage.eu\" style=\"color: #ffffff;\">geral@proportionalmessage.eu<\/a><\/span><\/p>\n<p>[\/et_pb_text][\/et_pb_column][\/et_pb_row][\/et_pb_section]<\/p>\n","protected":false},"excerpt":{"rendered":"<p>Contacte-nosMorada: Rua de Costa Cabral 167, Paranhos 4200-221 Porto ATENDIMENTO APENAS POR MARCA\u00c7\u00c3O Segunda a Sexta-feira:\u00a09h-13h | 14h-18h &nbsp; Email: geral@proportionalmessage.eu<\/p>","protected":false},"author":1,"featured_media":3282,"parent":0,"menu_order":0,"comment_status":"closed","ping_status":"closed","template":"","meta":{"_et_pb_use_builder":"on","_et_pb_old_content":"","_et_gb_content_width":"","footnotes":""},"class_list":["post-3245","page","type-page","status-publish","has-post-thumbnail","hentry"],"yoast_head":"<!-- This site is optimized with the Yoast SEO plugin v27.2 - https:\/\/yoast.com\/product\/yoast-seo-wordpress\/ -->\n<title>Associa\u00e7\u00e3o Proportional Message - Loures - Contactos<\/title>\n<meta name=\"description\" content=\"A Associa\u00e7\u00e3o Proportional Message localiza-se em Loures e tem como objetivo apoiar os grupos socialmente desfavorecidos! Venha Conhecer-nos!\" \/>\n<meta name=\"robots\" content=\"index, follow, max-snippet:-1, max-image-preview:large, max-video-preview:-1\" \/>\n<link rel=\"canonical\" href=\"https:\/\/proportionalmessage.eu\/en\/contactos\/\" \/>\n<meta property=\"og:locale\" content=\"en_GB\" \/>\n<meta property=\"og:type\" content=\"article\" \/>\n<meta property=\"og:title\" content=\"Associa\u00e7\u00e3o Proportional Message - Loures - Contactos\" \/>\n<meta property=\"og:description\" content=\"A Associa\u00e7\u00e3o Proportional Message localiza-se em Loures e tem como objetivo apoiar os grupos socialmente desfavorecidos! Venha Conhecer-nos!\" \/>\n<meta property=\"og:url\" content=\"https:\/\/proportionalmessage.eu\/en\/contactos\/\" \/>\n<meta property=\"og:site_name\" content=\"Proportional Message\" \/>\n<meta property=\"article:modified_time\" content=\"2024-01-18T18:41:20+00:00\" \/>\n<meta property=\"og:image\" content=\"https:\/\/proportionalmessage.eu\/wp-content\/uploads\/2022\/01\/Proportional-message-associacao-apoio-social.png\" \/>\n\t<meta property=\"og:image:width\" content=\"150\" \/>\n\t<meta property=\"og:image:height\" content=\"150\" \/>\n\t<meta property=\"og:image:type\" content=\"image\/png\" \/>\n<meta name=\"twitter:card\" content=\"summary_large_image\" \/>\n<meta name=\"twitter:label1\" content=\"Estimated reading time\" \/>\n\t<meta name=\"twitter:data1\" content=\"2 minutes\" \/>\n<script type=\"application\/ld+json\" class=\"yoast-schema-graph\">{\"@context\":\"https:\/\/schema.org\",\"@graph\":[{\"@type\":\"WebPage\",\"@id\":\"https:\/\/proportionalmessage.eu\/contactos\/\",\"url\":\"https:\/\/proportionalmessage.eu\/contactos\/\",\"name\":\"Associa\u00e7\u00e3o Proportional Message - Loures - Contactos\",\"isPartOf\":{\"@id\":\"https:\/\/proportionalmessage.eu\/en\/#website\"},\"primaryImageOfPage\":{\"@id\":\"https:\/\/proportionalmessage.eu\/contactos\/#primaryimage\"},\"image\":{\"@id\":\"https:\/\/proportionalmessage.eu\/contactos\/#primaryimage\"},\"thumbnailUrl\":\"https:\/\/proportionalmessage.eu\/wp-content\/uploads\/2022\/01\/Proportional-message-associacao-apoio-social.png\",\"datePublished\":\"2022-01-17T16:41:28+00:00\",\"dateModified\":\"2024-01-18T18:41:20+00:00\",\"description\":\"A Associa\u00e7\u00e3o Proportional Message localiza-se em Loures e tem como objetivo apoiar os grupos socialmente desfavorecidos! Venha Conhecer-nos!\",\"breadcrumb\":{\"@id\":\"https:\/\/proportionalmessage.eu\/contactos\/#breadcrumb\"},\"inLanguage\":\"en-GB\",\"potentialAction\":[{\"@type\":\"ReadAction\",\"target\":[\"https:\/\/proportionalmessage.eu\/contactos\/\"]}]},{\"@type\":\"ImageObject\",\"inLanguage\":\"en-GB\",\"@id\":\"https:\/\/proportionalmessage.eu\/contactos\/#primaryimage\",\"url\":\"https:\/\/proportionalmessage.eu\/wp-content\/uploads\/2022\/01\/Proportional-message-associacao-apoio-social.png\",\"contentUrl\":\"https:\/\/proportionalmessage.eu\/wp-content\/uploads\/2022\/01\/Proportional-message-associacao-apoio-social.png\",\"width\":150,\"height\":150},{\"@type\":\"BreadcrumbList\",\"@id\":\"https:\/\/proportionalmessage.eu\/contactos\/#breadcrumb\",\"itemListElement\":[{\"@type\":\"ListItem\",\"position\":1,\"name\":\"In\u00edcio\",\"item\":\"https:\/\/proportionalmessage.eu\/en\/\"},{\"@type\":\"ListItem\",\"position\":2,\"name\":\"CONTACTOS\"}]},{\"@type\":\"WebSite\",\"@id\":\"https:\/\/proportionalmessage.eu\/en\/#website\",\"url\":\"https:\/\/proportionalmessage.eu\/en\/\",\"name\":\"Proportional Message\",\"description\":\"Associa\u00e7\u00e3o\",\"potentialAction\":[{\"@type\":\"SearchAction\",\"target\":{\"@type\":\"EntryPoint\",\"urlTemplate\":\"https:\/\/proportionalmessage.eu\/en\/?s={search_term_string}\"},\"query-input\":{\"@type\":\"PropertyValueSpecification\",\"valueRequired\":true,\"valueName\":\"search_term_string\"}}],\"inLanguage\":\"en-GB\"}]}<\/script>\n<!-- \/ Yoast SEO plugin. -->","yoast_head_json":{"title":"Associa\u00e7\u00e3o Proportional Message - Loures - Contactos","description":"A Associa\u00e7\u00e3o Proportional Message localiza-se em Loures e tem como objetivo apoiar os grupos socialmente desfavorecidos! Venha Conhecer-nos!","robots":{"index":"index","follow":"follow","max-snippet":"max-snippet:-1","max-image-preview":"max-image-preview:large","max-video-preview":"max-video-preview:-1"},"canonical":"https:\/\/proportionalmessage.eu\/en\/contactos\/","og_locale":"en_GB","og_type":"article","og_title":"Associa\u00e7\u00e3o Proportional Message - Loures - Contactos","og_description":"A Associa\u00e7\u00e3o Proportional Message localiza-se em Loures e tem como objetivo apoiar os grupos socialmente desfavorecidos! Venha Conhecer-nos!","og_url":"https:\/\/proportionalmessage.eu\/en\/contactos\/","og_site_name":"Proportional Message","article_modified_time":"2024-01-18T18:41:20+00:00","og_image":[{"width":150,"height":150,"url":"https:\/\/proportionalmessage.eu\/wp-content\/uploads\/2022\/01\/Proportional-message-associacao-apoio-social.png","type":"image\/png"}],"twitter_card":"summary_large_image","twitter_misc":{"Estimated reading time":"2 minutes"},"schema":{"@context":"https:\/\/schema.org","@graph":[{"@type":"WebPage","@id":"https:\/\/proportionalmessage.eu\/contactos\/","url":"https:\/\/proportionalmessage.eu\/contactos\/","name":"Associa\u00e7\u00e3o Proportional Message - Loures - Contactos","isPartOf":{"@id":"https:\/\/proportionalmessage.eu\/en\/#website"},"primaryImageOfPage":{"@id":"https:\/\/proportionalmessage.eu\/contactos\/#primaryimage"},"image":{"@id":"https:\/\/proportionalmessage.eu\/contactos\/#primaryimage"},"thumbnailUrl":"https:\/\/proportionalmessage.eu\/wp-content\/uploads\/2022\/01\/Proportional-message-associacao-apoio-social.png","datePublished":"2022-01-17T16:41:28+00:00","dateModified":"2024-01-18T18:41:20+00:00","description":"A Associa\u00e7\u00e3o Proportional Message localiza-se em Loures e tem como objetivo apoiar os grupos socialmente desfavorecidos! Venha Conhecer-nos!","breadcrumb":{"@id":"https:\/\/proportionalmessage.eu\/contactos\/#breadcrumb"},"inLanguage":"en-GB","potentialAction":[{"@type":"ReadAction","target":["https:\/\/proportionalmessage.eu\/contactos\/"]}]},{"@type":"ImageObject","inLanguage":"en-GB","@id":"https:\/\/proportionalmessage.eu\/contactos\/#primaryimage","url":"https:\/\/proportionalmessage.eu\/wp-content\/uploads\/2022\/01\/Proportional-message-associacao-apoio-social.png","contentUrl":"https:\/\/proportionalmessage.eu\/wp-content\/uploads\/2022\/01\/Proportional-message-associacao-apoio-social.png","width":150,"height":150},{"@type":"BreadcrumbList","@id":"https:\/\/proportionalmessage.eu\/contactos\/#breadcrumb","itemListElement":[{"@type":"ListItem","position":1,"name":"In\u00edcio","item":"https:\/\/proportionalmessage.eu\/en\/"},{"@type":"ListItem","position":2,"name":"CONTACTOS"}]},{"@type":"WebSite","@id":"https:\/\/proportionalmessage.eu\/en\/#website","url":"https:\/\/proportionalmessage.eu\/en\/","name":"Proportional Message","description":"Associa\u00e7\u00e3o","potentialAction":[{"@type":"SearchAction","target":{"@type":"EntryPoint","urlTemplate":"https:\/\/proportionalmessage.eu\/en\/?s={search_term_string}"},"query-input":{"@type":"PropertyValueSpecification","valueRequired":true,"valueName":"search_term_string"}}],"inLanguage":"en-GB"}]}},"_links":{"self":[{"href":"https:\/\/proportionalmessage.eu\/en\/wp-json\/wp\/v2\/pages\/3245","targetHints":{"allow":["GET"]}}],"collection":[{"href":"https:\/\/proportionalmessage.eu\/en\/wp-json\/wp\/v2\/pages"}],"about":[{"href":"https:\/\/proportionalmessage.eu\/en\/wp-json\/wp\/v2\/types\/page"}],"author":[{"embeddable":true,"href":"https:\/\/proportionalmessage.eu\/en\/wp-json\/wp\/v2\/users\/1"}],"replies":[{"embeddable":true,"href":"https:\/\/proportionalmessage.eu\/en\/wp-json\/wp\/v2\/comments?post=3245"}],"version-history":[{"count":12,"href":"https:\/\/proportionalmessage.eu\/en\/wp-json\/wp\/v2\/pages\/3245\/revisions"}],"predecessor-version":[{"id":3912,"href":"https:\/\/proportionalmessage.eu\/en\/wp-json\/wp\/v2\/pages\/3245\/revisions\/3912"}],"wp:featuredmedia":[{"embeddable":true,"href":"https:\/\/proportionalmessage.eu\/en\/wp-json\/wp\/v2\/media\/3282"}],"wp:attachment":[{"href":"https:\/\/proportionalmessage.eu\/en\/wp-json\/wp\/v2\/media?parent=3245"}],"curies":[{"name":"wp","href":"https:\/\/api.w.org\/{rel}","templated":true}]}}