{"id":3270,"date":"2022-01-25T09:49:28","date_gmt":"2022-01-25T09:49:28","guid":{"rendered":"https:\/\/proportionalmessage.eu\/?page_id=3270"},"modified":"2023-01-25T16:09:42","modified_gmt":"2023-01-25T16:09:42","slug":"politica-de-privacidade","status":"publish","type":"page","link":"https:\/\/proportionalmessage.eu\/en\/politica-de-privacidade\/","title":{"rendered":"Pol\u00edtica de Privacidade"},"content":{"rendered":"\n[et_pb_section fb_built=&#8221;1&#8243; _builder_version=&#8221;4.16&#8243; _module_preset=&#8221;default&#8221; global_colors_info=&#8221;{}&#8221;][et_pb_row _builder_version=&#8221;4.16&#8243; _module_preset=&#8221;default&#8221; global_colors_info=&#8221;{}&#8221;][et_pb_column type=&#8221;4_4&#8243; _builder_version=&#8221;4.16&#8243; _module_preset=&#8221;default&#8221; global_colors_info=&#8221;{}&#8221;][et_pb_text _builder_version=&#8221;4.16&#8243; _module_preset=&#8221;default&#8221; global_colors_info=&#8221;{}&#8221;]<h1 style=\"text-align: left;\"><strong>Pol\u00edtica de privacidade<\/strong><\/h1>\n<p>by Proportional Message | Jan 25, 2022<\/p>\n<p>&nbsp;<\/p>\n<p>\u00daltima atualiza\u00e7\u00e3o: 25\/01\/2022<\/p>\n<p>&nbsp;<\/p>\n<p style=\"text-align: justify;\">Proportional Message opera o site Proportional Message.<\/p>\n<p style=\"text-align: justify;\">Esta p\u00e1gina informa sobre nossas pol\u00edticas em rela\u00e7\u00e3o \u00e0 recolha, uso e divulga\u00e7\u00e3o de Informa\u00e7\u00f5es Pessoais quando usa nosso Servi\u00e7o. N\u00e3o usaremos ou compartilharemos as suas informa\u00e7\u00f5es com ningu\u00e9m, exceto conforme descrito nesta Pol\u00edtica de Privacidade.<\/p>\n<p style=\"text-align: justify;\">Usamos as suas informa\u00e7\u00f5es pessoais para fornecer e melhorar o nosso servi\u00e7o. Ao usar o nosso servi\u00e7o, concorda com a recolha e uso de informa\u00e7\u00f5es de acordo com esta pol\u00edtica. A menos que definido de outra forma nesta Pol\u00edtica de Privacidade, os termos usados \u200b\u200bnesta Pol\u00edtica de Privacidade t\u00eam os mesmos significados que em nossos Termos e Condi\u00e7\u00f5es, acess\u00edveis em https:\/\/proportionamessage.eu<\/p>\n<h4 style=\"text-align: justify;\"><strong>Recolha e uso de informa\u00e7\u00f5es<\/strong><\/h4>\n<p style=\"text-align: justify;\">Ao usar nosso Servi\u00e7o, podemos pedir que nos forne\u00e7a algumas informa\u00e7\u00f5es de identifica\u00e7\u00e3o pessoal que podem ser usadas para contact\u00e1-lo ou identific\u00e1-lo. As informa\u00e7\u00f5es de identifica\u00e7\u00e3o pessoal que recolhemos s\u00e3o:<\/p>\n<p style=\"text-align: justify;\">&#8211; Nome<\/p>\n<p style=\"text-align: justify;\">&#8211; Endere\u00e7o de e-mail<\/p>\n<h4 style=\"text-align: justify;\"><strong>Dados de registo<\/strong><\/h4>\n<p style=\"text-align: justify;\">Recolhemos informa\u00e7\u00f5es que seu navegador envia sempre que visita nosso Servi\u00e7o (\u201cLog Data\u201d). Esses dados de registo podem incluir informa\u00e7\u00f5es como o endere\u00e7o de protocolo da Internet (\u201cIP\u201d) do seu computador, tipo de navegador, vers\u00e3o do navegador, as p\u00e1ginas do nosso servi\u00e7o que visita, a hora e a data da sua visita, o tempo gasto nessas p\u00e1ginas e outras Estat\u00edsticas.<\/p>\n<h4 style=\"text-align: justify;\"><strong>Cookie Google AdSense e DoubleClick<\/strong><\/h4>\n<p style=\"text-align: justify;\">O Google, como fornecedor terceirizado, usa cookies para veicular an\u00fancios no nosso Servi\u00e7o.<\/p>\n<h4 style=\"text-align: justify;\"><strong>Cookies<\/strong><\/h4>\n<p style=\"text-align: justify;\">Cookies s\u00e3o arquivos com pequena quantidade de dados, que podem incluir um identificador \u00fanico an\u00f3nimo. Os cookies s\u00e3o enviados para o seu navegador a partir de um site e armazenados no disco r\u00edgido do seu computador.<\/p>\n<p style=\"text-align: justify;\">Usamos \u201ccookies\u201d para recolher informa\u00e7\u00f5es. Pode indicar\u00a0 ao seu navegador que recusa todos os cookies ou indicar quando um cookie pode ser enviado. No entanto, se n\u00e3o aceitar os cookies, pode n\u00e3o conseguir usar algumas partes do nosso Servi\u00e7o.<\/p>\n<h4 style=\"text-align: justify;\"><strong>Provedores de servi\u00e7o<\/strong><\/h4>\n<p style=\"text-align: justify;\">Podemos empregar empresas terceirizadas e indiv\u00edduos para facilitar nosso Servi\u00e7o, para fornecer o Servi\u00e7o em nosso nome, para realizar servi\u00e7os relacionados ao Servi\u00e7o ou para nos ajudar a analisar como o nosso Servi\u00e7o \u00e9 usado.<\/p>\n<p style=\"text-align: justify;\">Esses terceiros t\u00eam acesso \u00e0s suas Informa\u00e7\u00f5es Pessoais apenas para realizar essas tarefas em nosso nome e s\u00e3o obrigados a n\u00e3o divulg\u00e1-las ou us\u00e1-las para qualquer outra finalidade.<\/p>\n<h4 style=\"text-align: justify;\"><strong>Seguran\u00e7a<\/strong><\/h4>\n<p style=\"text-align: justify;\">A seguran\u00e7a das suas informa\u00e7\u00f5es pessoais \u00e9 importante para n\u00f3s, mas lembre-se de que nenhum m\u00e9todo de transmiss\u00e3o pela Internet ou m\u00e9todo de armazenamento eletr\u00f3nico \u00e9 100% seguro. Embora nos esforcemos para usar meios comercialmente aceit\u00e1veis \u200b\u200bpara proteger as suas informa\u00e7\u00f5es pessoais, n\u00e3o podemos garantir sua seguran\u00e7a absoluta.<\/p>\n<h4 style=\"text-align: justify;\"><strong>Links para outros sites<\/strong><\/h4>\n<p style=\"text-align: justify;\">O nosso servi\u00e7o pode conter links para outros sites que n\u00e3o s\u00e3o operados por n\u00f3s. Se clicar num link de terceiros, ser\u00e1 direcionado para o site desse terceiro. Aconselhamos vivamente que reveja a Pol\u00edtica de Privacidade de cada site que visita.<\/p>\n<p style=\"text-align: justify;\">N\u00e3o temos controle e n\u00e3o assumimos responsabilidade pelo conte\u00fado, pol\u00edticas de privacidade ou pr\u00e1ticas de quaisquer sites ou servi\u00e7os de terceiros.<\/p>\n<h4 style=\"text-align: justify;\"><strong>Privacidade das crian\u00e7as<\/strong><\/h4>\n<p style=\"text-align: justify;\">O nosso servi\u00e7o n\u00e3o se dirige a menores de 18 anos (\u201cCrian\u00e7as\u201d).<\/p>\n<p style=\"text-align: justify;\">N\u00e3o recolhemos intencionalmente informa\u00e7\u00f5es de identifica\u00e7\u00e3o pessoal de crian\u00e7as menores de 18 anos. Se for um dos pais ou respons\u00e1vel e estiver ciente de que o seu filho forneceu Informa\u00e7\u00f5es Pessoais, entre em contacto connosco. Se descobrirmos que uma crian\u00e7a menor de 18 anos nos forneceu Informa\u00e7\u00f5es Pessoais, excluiremos essas informa\u00e7\u00f5es dos nossos servidores, imediatamente.<\/p>\n<h4 style=\"text-align: justify;\"><strong>Conformidade com as leis<\/strong><\/h4>\n<p style=\"text-align: justify;\">Divulgaremos suas informa\u00e7\u00f5es pessoais quando exigido por lei ou intima\u00e7\u00e3o.<\/p>\n<h4 style=\"text-align: justify;\"><strong>Mudan\u00e7as nesta Pol\u00edtica de Privacidade<\/strong><\/h4>\n<p style=\"text-align: justify;\">Podemos atualizar nossa Pol\u00edtica de Privacidade de tempos em tempos. Iremos notific\u00e1-lo de quaisquer altera\u00e7\u00f5es, publicando a nova Pol\u00edtica de Privacidade nesta p\u00e1gina.<\/p>\n<p style=\"text-align: justify;\">Aconselhamos a rever esta Pol\u00edtica de Privacidade, periodicamente, para verificar quaisquer altera\u00e7\u00f5es. As altera\u00e7\u00f5es a esta Pol\u00edtica de Privacidade entram em vigor quando publicadas nesta p\u00e1gina.<\/p>\n<p style=\"text-align: justify;\">Entre em contacto connosco se tiver alguma d\u00favida sobre esta Pol\u00edtica de Privacidade.<\/p>[\/et_pb_text][\/et_pb_column][\/et_pb_row][\/et_pb_section]\n","protected":false},"excerpt":{"rendered":"<p>Pol\u00edtica de privacidade by Proportional Message | Jan 25, 2022 &nbsp; \u00daltima atualiza\u00e7\u00e3o: 25\/01\/2022 &nbsp; Proportional Message opera o site Proportional Message. Esta p\u00e1gina informa sobre nossas pol\u00edticas em rela\u00e7\u00e3o \u00e0 recolha, uso e divulga\u00e7\u00e3o de Informa\u00e7\u00f5es Pessoais quando usa nosso Servi\u00e7o. N\u00e3o usaremos ou compartilharemos as suas informa\u00e7\u00f5es com ningu\u00e9m, exceto conforme descrito nesta [&hellip;]<\/p>\n","protected":false},"author":1,"featured_media":0,"parent":0,"menu_order":0,"comment_status":"closed","ping_status":"closed","template":"","meta":{"_et_pb_use_builder":"on","_et_pb_old_content":"","_et_gb_content_width":"","footnotes":""},"class_list":["post-3270","page","type-page","status-publish","hentry"],"yoast_head":"<!-- This site is optimized with the Yoast SEO plugin v27.2 - https:\/\/yoast.com\/product\/yoast-seo-wordpress\/ -->\n<title>Pol\u00edtica de Privacidade - Proportional Message<\/title>\n<meta name=\"robots\" content=\"index, follow, max-snippet:-1, max-image-preview:large, max-video-preview:-1\" \/>\n<link rel=\"canonical\" href=\"https:\/\/proportionalmessage.eu\/en\/politica-de-privacidade\/\" \/>\n<meta property=\"og:locale\" content=\"en_GB\" \/>\n<meta property=\"og:type\" content=\"article\" \/>\n<meta property=\"og:title\" content=\"Pol\u00edtica de Privacidade - Proportional Message\" \/>\n<meta property=\"og:description\" content=\"Pol\u00edtica de privacidade by Proportional Message | Jan 25, 2022 &nbsp; \u00daltima atualiza\u00e7\u00e3o: 25\/01\/2022 &nbsp; Proportional Message opera o site Proportional Message. Esta p\u00e1gina informa sobre nossas pol\u00edticas em rela\u00e7\u00e3o \u00e0 recolha, uso e divulga\u00e7\u00e3o de Informa\u00e7\u00f5es Pessoais quando usa nosso Servi\u00e7o. N\u00e3o usaremos ou compartilharemos as suas informa\u00e7\u00f5es com ningu\u00e9m, exceto conforme descrito nesta [&hellip;]\" \/>\n<meta property=\"og:url\" content=\"https:\/\/proportionalmessage.eu\/en\/politica-de-privacidade\/\" \/>\n<meta property=\"og:site_name\" content=\"Proportional Message\" \/>\n<meta property=\"article:modified_time\" content=\"2023-01-25T16:09:42+00:00\" \/>\n<meta name=\"twitter:card\" content=\"summary_large_image\" \/>\n<meta name=\"twitter:label1\" content=\"Estimated reading time\" \/>\n\t<meta name=\"twitter:data1\" content=\"4 minutes\" \/>\n<script type=\"application\/ld+json\" class=\"yoast-schema-graph\">{\"@context\":\"https:\/\/schema.org\",\"@graph\":[{\"@type\":\"WebPage\",\"@id\":\"https:\/\/proportionalmessage.eu\/politica-de-privacidade\/\",\"url\":\"https:\/\/proportionalmessage.eu\/politica-de-privacidade\/\",\"name\":\"Pol\u00edtica de Privacidade - Proportional Message\",\"isPartOf\":{\"@id\":\"https:\/\/proportionalmessage.eu\/en\/#website\"},\"datePublished\":\"2022-01-25T09:49:28+00:00\",\"dateModified\":\"2023-01-25T16:09:42+00:00\",\"breadcrumb\":{\"@id\":\"https:\/\/proportionalmessage.eu\/politica-de-privacidade\/#breadcrumb\"},\"inLanguage\":\"en-GB\",\"potentialAction\":[{\"@type\":\"ReadAction\",\"target\":[\"https:\/\/proportionalmessage.eu\/politica-de-privacidade\/\"]}]},{\"@type\":\"BreadcrumbList\",\"@id\":\"https:\/\/proportionalmessage.eu\/politica-de-privacidade\/#breadcrumb\",\"itemListElement\":[{\"@type\":\"ListItem\",\"position\":1,\"name\":\"In\u00edcio\",\"item\":\"https:\/\/proportionalmessage.eu\/en\/\"},{\"@type\":\"ListItem\",\"position\":2,\"name\":\"Pol\u00edtica de Privacidade\"}]},{\"@type\":\"WebSite\",\"@id\":\"https:\/\/proportionalmessage.eu\/en\/#website\",\"url\":\"https:\/\/proportionalmessage.eu\/en\/\",\"name\":\"Proportional Message\",\"description\":\"Associa\u00e7\u00e3o\",\"potentialAction\":[{\"@type\":\"SearchAction\",\"target\":{\"@type\":\"EntryPoint\",\"urlTemplate\":\"https:\/\/proportionalmessage.eu\/en\/?s={search_term_string}\"},\"query-input\":{\"@type\":\"PropertyValueSpecification\",\"valueRequired\":true,\"valueName\":\"search_term_string\"}}],\"inLanguage\":\"en-GB\"}]}<\/script>\n<!-- \/ Yoast SEO plugin. -->","yoast_head_json":{"title":"Pol\u00edtica de Privacidade - Proportional Message","robots":{"index":"index","follow":"follow","max-snippet":"max-snippet:-1","max-image-preview":"max-image-preview:large","max-video-preview":"max-video-preview:-1"},"canonical":"https:\/\/proportionalmessage.eu\/en\/politica-de-privacidade\/","og_locale":"en_GB","og_type":"article","og_title":"Pol\u00edtica de Privacidade - Proportional Message","og_description":"Pol\u00edtica de privacidade by Proportional Message | Jan 25, 2022 &nbsp; \u00daltima atualiza\u00e7\u00e3o: 25\/01\/2022 &nbsp; Proportional Message opera o site Proportional Message. Esta p\u00e1gina informa sobre nossas pol\u00edticas em rela\u00e7\u00e3o \u00e0 recolha, uso e divulga\u00e7\u00e3o de Informa\u00e7\u00f5es Pessoais quando usa nosso Servi\u00e7o. N\u00e3o usaremos ou compartilharemos as suas informa\u00e7\u00f5es com ningu\u00e9m, exceto conforme descrito nesta [&hellip;]","og_url":"https:\/\/proportionalmessage.eu\/en\/politica-de-privacidade\/","og_site_name":"Proportional Message","article_modified_time":"2023-01-25T16:09:42+00:00","twitter_card":"summary_large_image","twitter_misc":{"Estimated reading time":"4 minutes"},"schema":{"@context":"https:\/\/schema.org","@graph":[{"@type":"WebPage","@id":"https:\/\/proportionalmessage.eu\/politica-de-privacidade\/","url":"https:\/\/proportionalmessage.eu\/politica-de-privacidade\/","name":"Pol\u00edtica de Privacidade - Proportional Message","isPartOf":{"@id":"https:\/\/proportionalmessage.eu\/en\/#website"},"datePublished":"2022-01-25T09:49:28+00:00","dateModified":"2023-01-25T16:09:42+00:00","breadcrumb":{"@id":"https:\/\/proportionalmessage.eu\/politica-de-privacidade\/#breadcrumb"},"inLanguage":"en-GB","potentialAction":[{"@type":"ReadAction","target":["https:\/\/proportionalmessage.eu\/politica-de-privacidade\/"]}]},{"@type":"BreadcrumbList","@id":"https:\/\/proportionalmessage.eu\/politica-de-privacidade\/#breadcrumb","itemListElement":[{"@type":"ListItem","position":1,"name":"In\u00edcio","item":"https:\/\/proportionalmessage.eu\/en\/"},{"@type":"ListItem","position":2,"name":"Pol\u00edtica de Privacidade"}]},{"@type":"WebSite","@id":"https:\/\/proportionalmessage.eu\/en\/#website","url":"https:\/\/proportionalmessage.eu\/en\/","name":"Proportional Message","description":"Associa\u00e7\u00e3o","potentialAction":[{"@type":"SearchAction","target":{"@type":"EntryPoint","urlTemplate":"https:\/\/proportionalmessage.eu\/en\/?s={search_term_string}"},"query-input":{"@type":"PropertyValueSpecification","valueRequired":true,"valueName":"search_term_string"}}],"inLanguage":"en-GB"}]}},"_links":{"self":[{"href":"https:\/\/proportionalmessage.eu\/en\/wp-json\/wp\/v2\/pages\/3270","targetHints":{"allow":["GET"]}}],"collection":[{"href":"https:\/\/proportionalmessage.eu\/en\/wp-json\/wp\/v2\/pages"}],"about":[{"href":"https:\/\/proportionalmessage.eu\/en\/wp-json\/wp\/v2\/types\/page"}],"author":[{"embeddable":true,"href":"https:\/\/proportionalmessage.eu\/en\/wp-json\/wp\/v2\/users\/1"}],"replies":[{"embeddable":true,"href":"https:\/\/proportionalmessage.eu\/en\/wp-json\/wp\/v2\/comments?post=3270"}],"version-history":[{"count":7,"href":"https:\/\/proportionalmessage.eu\/en\/wp-json\/wp\/v2\/pages\/3270\/revisions"}],"predecessor-version":[{"id":3477,"href":"https:\/\/proportionalmessage.eu\/en\/wp-json\/wp\/v2\/pages\/3270\/revisions\/3477"}],"wp:attachment":[{"href":"https:\/\/proportionalmessage.eu\/en\/wp-json\/wp\/v2\/media?parent=3270"}],"curies":[{"name":"wp","href":"https:\/\/api.w.org\/{rel}","templated":true}]}}