{"id":603,"date":"2017-08-21T07:58:53","date_gmt":"2017-08-21T07:58:53","guid":{"rendered":"https:\/\/victorthemes.com\/themes\/groppe\/?page_id=603"},"modified":"2024-01-18T18:42:46","modified_gmt":"2024-01-18T18:42:46","slug":"os-nossos-servicos","status":"publish","type":"page","link":"https:\/\/proportionalmessage.eu\/en\/os-nossos-servicos\/","title":{"rendered":"Our Services"},"content":{"rendered":"<p>[et_pb_section fb_built=&#8221;1&#8243; fullwidth=&#8221;on&#8221; admin_label=&#8221;Hero Section&#8221; _builder_version=&#8221;4.16&#8243; global_colors_info=&#8221;{}&#8221;][et_pb_fullwidth_header subhead=&#8221;Os nossos servi\u00e7os&#8221; background_overlay_color=&#8221;RGBA(255,255,255,0)&#8221; _builder_version=&#8221;4.16&#8243; title_text_color=&#8221;#edbb5f&#8221; title_line_height=&#8221;1.4em&#8221; content_font=&#8221;Poppins||||||||&#8221; content_font_size=&#8221;16px&#8221; content_letter_spacing=&#8221;1px&#8221; content_line_height=&#8221;2em&#8221; subhead_letter_spacing=&#8221;3px&#8221; background_image=&#8221;https:\/\/proportionalmessage.eu\/wp-content\/uploads\/2020\/10\/adult-education-3812693_1280.jpg&#8221; button_one_icon_color=&#8221;#edbb5f&#8221; button_two_icon_color=&#8221;#edbb5f&#8221; custom_padding=&#8221;8.1%||260px|||&#8221; button_one_text_color_hover=&#8221;#edbb5f&#8221; button_two_text_color_hover=&#8221;#edbb5f&#8221; button_one_bg_color_hover=&#8221;rgba(0,0,0,0)&#8221; button_two_bg_color_hover=&#8221;rgba(0,0,0,0)&#8221; global_colors_info=&#8221;{}&#8221; button_one_text_size__hover_enabled=&#8221;off&#8221; button_two_text_size__hover_enabled=&#8221;off&#8221; button_one_text_color__hover_enabled=&#8221;on&#8221; button_one_text_color__hover=&#8221;#edbb5f&#8221; button_two_text_color__hover_enabled=&#8221;on&#8221; button_two_text_color__hover=&#8221;#edbb5f&#8221; button_one_border_width__hover_enabled=&#8221;off&#8221; button_two_border_width__hover_enabled=&#8221;off&#8221; button_one_border_color__hover_enabled=&#8221;off&#8221; button_two_border_color__hover_enabled=&#8221;off&#8221; button_one_border_radius__hover_enabled=&#8221;off&#8221; button_two_border_radius__hover_enabled=&#8221;off&#8221; button_one_letter_spacing__hover_enabled=&#8221;off&#8221; button_two_letter_spacing__hover_enabled=&#8221;off&#8221; button_one_bg_color__hover_enabled=&#8221;on&#8221; button_one_bg_color__hover=&#8221;rgba(0,0,0,0)&#8221; button_two_bg_color__hover_enabled=&#8221;on&#8221; button_two_bg_color__hover=&#8221;rgba(0,0,0,0)&#8221;]<\/p>\n<p style=\"text-align: left;\">\n<p>Para n\u00f3s, a Educa\u00e7\u00e3o \u00e9 prioridade!<\/p>\n<p>[\/et_pb_fullwidth_header][\/et_pb_section][et_pb_section fb_built=&#8221;1&#8243; admin_label=&#8221;FAQ&#8221; _builder_version=&#8221;4.16&#8243; custom_padding=&#8221;100px|0px|100px|0px&#8221; global_colors_info=&#8221;{}&#8221;][et_pb_row use_custom_gutter=&#8221;on&#8221; gutter_width=&#8221;4&#8243; disabled_on=&#8221;off|off|off&#8221; _builder_version=&#8221;4.16&#8243; animation_style=&#8221;fade&#8221; locked=&#8221;off&#8221; global_colors_info=&#8221;{}&#8221;][et_pb_column type=&#8221;4_4&#8243; _builder_version=&#8221;4.16&#8243; custom_padding=&#8221;|||&#8221; global_colors_info=&#8221;{}&#8221; custom_padding__hover=&#8221;|||&#8221;][et_pb_text _builder_version=&#8221;4.16&#8243; text_font=&#8221;||||||||&#8221; text_text_color=&#8221;#000000&#8243; header_font=&#8221;||||||||&#8221; header_text_color=&#8221;#000000&#8243; header_2_font=&#8221;Playfair Display|700|||||||&#8221; header_2_font_size=&#8221;38px&#8221; header_2_letter_spacing=&#8221;1px&#8221; header_2_line_height=&#8221;1.4em&#8221; header_3_font=&#8221;Poppins|700||on|||||&#8221; header_3_text_color=&#8221;#edbb5f&#8221; header_3_font_size=&#8221;14px&#8221; header_3_letter_spacing=&#8221;1px&#8221; header_3_line_height=&#8221;2em&#8221; text_orientation=&#8221;center&#8221; max_width=&#8221;550px&#8221; module_alignment=&#8221;center&#8221; global_colors_info=&#8221;{}&#8221;]<\/p>\n<h3 style=\"text-align: center;\"><span style=\"color: #000000; font-size: large;\">&#8220;Educa\u00e7\u00e3o n\u00e3o transforma o Mundo. Educa\u00e7\u00e3o muda pessoas. Pessoas transformam o Mundo.&#8221;<\/span><\/h3>\n<h6 style=\"text-align: center;\">Paulo Freire<\/h6>\n<p>[\/et_pb_text][et_pb_divider color=&#8221;#E02B20&#8243; divider_weight=&#8221;2px&#8221; _builder_version=&#8221;4.16&#8243; max_width=&#8221;60px&#8221; module_alignment=&#8221;center&#8221; height=&#8221;2px&#8221; global_colors_info=&#8221;{}&#8221;][\/et_pb_divider][\/et_pb_column][\/et_pb_row][et_pb_row disabled_on=&#8221;off|off|off&#8221; _builder_version=&#8221;4.16&#8243; width=&#8221;100%&#8221; max_width=&#8221;2560px&#8221; module_alignment=&#8221;center&#8221; custom_margin=&#8221;|||&#8221; global_colors_info=&#8221;{}&#8221;][et_pb_column type=&#8221;4_4&#8243; _builder_version=&#8221;4.16&#8243; custom_padding=&#8221;|||&#8221; global_colors_info=&#8221;{}&#8221; custom_padding__hover=&#8221;|||&#8221;][et_pb_blurb title=&#8221;EDUCA\u00c7\u00c3O E FORMA\u00c7\u00c3O&#8221; icon_placement=&#8221;left&#8221; content_max_width=&#8221;828px&#8221; _builder_version=&#8221;4.16&#8243; header_level=&#8221;h2&#8243; header_font=&#8221;Poppins|700||on|||||&#8221; header_text_align=&#8221;center&#8221; header_font_size=&#8221;29px&#8221; header_letter_spacing=&#8221;1px&#8221; header_line_height=&#8221;1.8em&#8221; body_font=&#8221;Poppins||||||||&#8221; body_letter_spacing=&#8221;1px&#8221; body_line_height=&#8221;1.8em&#8221; text_orientation=&#8221;center&#8221; custom_margin=&#8221;||60px|&#8221; animation_style=&#8221;zoom&#8221; animation_intensity_zoom=&#8221;30%&#8221; animation=&#8221;off&#8221; border_style_all=&#8221;dashed&#8221; locked=&#8221;off&#8221; global_colors_info=&#8221;{}&#8221;]<\/p>\n<p>Atividades de educa\u00e7\u00e3o e forma\u00e7\u00e3o para o desenvolvimento profissional de educadores, sobre a educa\u00e7\u00e3o formal e informal, que envolvem o abandono escolar precoce, o apoio a grupos socialmente desfavorecidos e a necessidade de lidar com a diversidade cultural.<\/p>\n<p>&nbsp;<\/p>\n<p>Atividades de educa\u00e7\u00e3o e forma\u00e7\u00e3o dirigidas a grupos socialmente desfavorecidos. Os nossos cursos, semin\u00e1rios, confer\u00eancias e palestras apoiam o desenvolvimento de habilidades b\u00e1sicas e compet\u00eancias essenciais para promover a empregabilidade e o desenvolvimento socioecon\u00f3mico. As principais tem\u00e1ticas s\u00e3o o pensamento cr\u00edtico e criatividade, empreendedorismo, desenvolvimento econ\u00f3mico e social inteligente e as compet\u00eancias lingu\u00edsticas e digitais.<\/p>\n<p>&nbsp;<\/p>\n<p>Atividades de educa\u00e7\u00e3o n\u00e3o formal para a promo\u00e7\u00e3o da inclus\u00e3o social. Organizamos semin\u00e1rios, confer\u00eancias e palestras que abordam a partilha de valores humanos, a n\u00e3o discrimina\u00e7\u00e3o e inclus\u00e3o social, a igualdade e a diversidade.<\/p>\n<p>&nbsp;<\/p>\n<p>Servi\u00e7o de informa\u00e7\u00e3o e media\u00e7\u00e3o para pessoas com defici\u00eancia que proporcionam \u00e0s pessoas com defici\u00eancia e suas fam\u00edlias, informa\u00e7\u00e3o acess\u00edvel, personalizada, abrangente e integrada, sobre os direitos, benef\u00edcios e recursos.<\/p>\n<p>&nbsp;<\/p>\n<p>Workshops de capacita\u00e7\u00e3o para refugiados e imigrantes sobre integra\u00e7\u00e3o, valores humanos, igualdade de g\u00e9nero, diversidade, l\u00edngua e hist\u00f3ria.<\/p>\n<p>&nbsp;<\/p>\n<p>[\/et_pb_blurb][\/et_pb_column][\/et_pb_row][\/et_pb_section][et_pb_section fb_built=&#8221;1&#8243; admin_label=&#8221;Contact&#8221; _builder_version=&#8221;4.19.4&#8243; background_image=&#8221;https:\/\/proportionalmessage.eu\/wp-content\/uploads\/2022\/01\/consutant-03.jpg&#8221; custom_margin=&#8221;|||&#8221; custom_padding=&#8221;0px|0px|0px|0px&#8221; box_shadow_style=&#8221;preset7&#8243; box_shadow_horizontal=&#8221;0px&#8221; box_shadow_vertical=&#8221;80px&#8221; box_shadow_color=&#8221;#ffffff&#8221; global_colors_info=&#8221;{}&#8221; locked=&#8221;off&#8221;][et_pb_row custom_padding_last_edited=&#8221;on|phone&#8221; _builder_version=&#8221;4.23.4&#8243; background_color=&#8221;#ffffff&#8221; custom_margin=&#8221;|||&#8221; custom_padding=&#8221;60px|60px|60px|60px&#8221; custom_padding_tablet=&#8221;&#8221; custom_padding_phone=&#8221;|40px||40px&#8221; animation_style=&#8221;slide&#8221; animation_direction=&#8221;bottom&#8221; animation_duration=&#8221;1500ms&#8221; animation_delay=&#8221;200ms&#8221; animation_intensity_slide=&#8221;10%&#8221; animation_starting_opacity=&#8221;100%&#8221; hover_enabled=&#8221;0&#8243; box_shadow_style=&#8221;preset3&#8243; box_shadow_vertical=&#8221;15px&#8221; box_shadow_blur=&#8221;80px&#8221; box_shadow_color=&#8221;rgba(0,0,0,0.2)&#8221; global_colors_info=&#8221;{}&#8221; sticky_enabled=&#8221;0&#8243;][et_pb_column type=&#8221;4_4&#8243; _builder_version=&#8221;4.16&#8243; custom_padding=&#8221;|||&#8221; global_colors_info=&#8221;{}&#8221; custom_padding__hover=&#8221;|||&#8221;][et_pb_text _builder_version=&#8221;4.16&#8243; text_font=&#8221;|||on|||||&#8221; header_font=&#8221;||||||||&#8221; header_2_font=&#8221;Playfair Display|700|||||||&#8221; header_2_font_size=&#8221;38px&#8221; header_2_letter_spacing=&#8221;1px&#8221; header_2_line_height=&#8221;1.4em&#8221; header_3_font=&#8221;Poppins|700||on|||||&#8221; header_3_text_color=&#8221;#edbb5f&#8221; header_3_font_size=&#8221;14px&#8221; header_3_letter_spacing=&#8221;1px&#8221; header_3_line_height=&#8221;2em&#8221; text_orientation=&#8221;center&#8221; max_width=&#8221;550px&#8221; module_alignment=&#8221;center&#8221; locked=&#8221;off&#8221; global_colors_info=&#8221;{}&#8221;]<\/p>\n<h2>Contacte-nos<\/h2>\n<p>[\/et_pb_text][et_pb_text _builder_version=&#8221;4.19.4&#8243; text_font=&#8221;Poppins|600||on|||||&#8221; text_letter_spacing=&#8221;2px&#8221; text_line_height=&#8221;2em&#8221; ul_font=&#8221;||||||||&#8221; background_color=&#8221;#6B6B6B&#8221; text_orientation=&#8221;center&#8221; background_layout=&#8221;dark&#8221; custom_margin=&#8221;|||&#8221; custom_padding=&#8221;60px|40px|60px|40px&#8221; custom_padding_last_edited=&#8221;off|desktop&#8221; animation_style=&#8221;flip&#8221; animation_delay=&#8221;200ms&#8221; border_color_all=&#8221;#E02B20&#8243; border_width_top=&#8221;8px&#8221; border_color_top=&#8221;#e02b20&#8243; locked=&#8221;off&#8221; global_colors_info=&#8221;{}&#8221;]<\/p>\n<p>Morada:<\/p>\n<p><span style=\"color: #ffffff;\"><a href=\"https:\/\/maps.app.goo.gl\/ZDzLnuu1fqihDVbU9\" style=\"color: #ffffff;\">Rua de Costa Cabral 167, Paranhos<\/a><\/span><\/p>\n<p><span style=\"color: #ffffff;\"><a href=\"https:\/\/maps.app.goo.gl\/ZDzLnuu1fqihDVbU9\" style=\"color: #ffffff;\">4200-221 Porto<\/a><\/span><\/p>\n<p>&nbsp;<\/p>\n<p>Email:<\/p>\n<p><span style=\"color: #ffffff;\"><a href=\"mailto:geral@proportionalmessage.eu\" style=\"color: #ffffff;\">geral@proportionalmessage.eu<\/a><\/span><\/p>\n<p>[\/et_pb_text][\/et_pb_column][\/et_pb_row][\/et_pb_section]<\/p>\n","protected":false},"excerpt":{"rendered":"<p>Para n\u00f3s, a Educa\u00e7\u00e3o \u00e9 prioridade!&#8221;Educa\u00e7\u00e3o n\u00e3o transforma o Mundo. Educa\u00e7\u00e3o muda pessoas. Pessoas transformam o Mundo.&#8221; Paulo FreireAtividades de educa\u00e7\u00e3o e forma\u00e7\u00e3o para o desenvolvimento profissional de educadores, sobre a educa\u00e7\u00e3o formal e informal, que envolvem o abandono escolar precoce, o apoio a grupos socialmente desfavorecidos e a necessidade de lidar com a diversidade [&hellip;]<\/p>\n","protected":false},"author":1,"featured_media":3282,"parent":0,"menu_order":0,"comment_status":"closed","ping_status":"closed","template":"","meta":{"_et_pb_use_builder":"on","_et_pb_old_content":"<p>[vc_row overlay_dotted=\"\" css=\".vc_custom_1507190800269{margin-right: 0px !important;margin-left: 0px !important;}\"][vc_column width=\"2\/3\" css=\".vc_custom_1507190791644{padding-right: 0px !important;padding-left: 0px !important;}\"][grop_title title_tag=\"h3\" description=\"A Associa\u00e7\u00e3o Proportional Message oferece uma ampla gama de servi\u00e7os nas seguintes \u00e1reas:\" title_size=\"26\" desc_color=\"#262626\" desc_size=\"20\" css=\".vc_custom_1603232146847{margin-bottom: 42px !important;padding-right: 15px !important;padding-left: 15px !important;}\"][vc_column_text]<\/p><ul><li>Atividades de educa\u00e7\u00e3o e forma\u00e7\u00e3o para o desenvolvimento profissional de educadores, sobre a educa\u00e7\u00e3o formal e informal.<\/li><\/ul><p>[\/vc_column_text][vc_column_text]<\/p><ul><li>Cursos, semin\u00e1rios, confer\u00eancias e palestras que apoiam o desenvolvimento de habilidades b\u00e1sicas e compet\u00eancias essenciais para promover a empregabilidade e o desenvolvimento socioecon\u00f3mico.<\/li><\/ul><p>[\/vc_column_text][vc_column_text]<\/p><ul><li>Promo\u00e7\u00e3o da inclus\u00e3o social.<\/li><\/ul><p>[\/vc_column_text][vc_column_text]<\/p><ul><li>Servi\u00e7o de informa\u00e7\u00e3o e media\u00e7\u00e3o para pessoas com defici\u00eancia que disponibiliza informa\u00e7\u00e3o acess\u00edvel, personalizada, abrangente e integrada, sobre os direitos, benef\u00edcios e recursos.<\/li><\/ul><p>[\/vc_column_text][vc_column_text]<\/p><ul><li>Workshops de capacita\u00e7\u00e3o para refugiados e imigrantes sobre integra\u00e7\u00e3o, valores humanos, igualdade de g\u00e9nero, diversidade, l\u00edngua e hist\u00f3ria.<\/li><\/ul><p>[\/vc_column_text][\/vc_column][vc_column width=\"1\/3\"][vc_single_image image=\"2860\" img_size=\"large\" style=\"vc_box_shadow\"][\/vc_column][\/vc_row][vc_row full_width=\"stretch_row\" overlay_dotted=\"\" css=\".vc_custom_1603134055437{background-image: url(http:\/\/victorthemes.com\/themes\/groppe\/wp-content\/uploads\/2017\/01\/callout-bg-pattern.png?id=702) !important;}\"][vc_column css=\".vc_custom_1505213095397{padding-top: 0px !important;}\"][\/vc_column][\/vc_row]<\/p>","_et_gb_content_width":"","footnotes":""},"class_list":["post-603","page","type-page","status-publish","has-post-thumbnail","hentry"],"yoast_head":"<!-- This site is optimized with the Yoast SEO plugin v27.2 - https:\/\/yoast.com\/product\/yoast-seo-wordpress\/ -->\n<title>Proportional Message - Empregabilidade e Empreendedorismo<\/title>\n<meta name=\"description\" content=\"Atrav\u00e9s da forma\u00e7\u00e3o e da educa\u00e7\u00e3o capacitamos os grupos socialmente desfavorecidos para promover a empregabilidade e o empreendedorismo.\" \/>\n<meta name=\"robots\" content=\"index, follow, max-snippet:-1, max-image-preview:large, max-video-preview:-1\" \/>\n<link rel=\"canonical\" href=\"https:\/\/proportionalmessage.eu\/en\/os-nossos-servicos\/\" \/>\n<meta property=\"og:locale\" content=\"en_GB\" \/>\n<meta property=\"og:type\" content=\"article\" \/>\n<meta property=\"og:title\" content=\"Proportional Message - Empregabilidade e Empreendedorismo\" \/>\n<meta property=\"og:description\" content=\"Atrav\u00e9s da forma\u00e7\u00e3o e da educa\u00e7\u00e3o capacitamos os grupos socialmente desfavorecidos para promover a empregabilidade e o empreendedorismo.\" \/>\n<meta property=\"og:url\" content=\"https:\/\/proportionalmessage.eu\/en\/os-nossos-servicos\/\" \/>\n<meta property=\"og:site_name\" content=\"Proportional Message\" \/>\n<meta property=\"article:modified_time\" content=\"2024-01-18T18:42:46+00:00\" \/>\n<meta property=\"og:image\" content=\"https:\/\/proportionalmessage.eu\/wp-content\/uploads\/2022\/01\/Proportional-message-associacao-apoio-social.png\" \/>\n\t<meta property=\"og:image:width\" content=\"150\" \/>\n\t<meta property=\"og:image:height\" content=\"150\" \/>\n\t<meta property=\"og:image:type\" content=\"image\/png\" \/>\n<meta name=\"twitter:card\" content=\"summary_large_image\" \/>\n<meta name=\"twitter:label1\" content=\"Estimated reading time\" \/>\n\t<meta name=\"twitter:data1\" content=\"4 minutes\" \/>\n<script type=\"application\/ld+json\" class=\"yoast-schema-graph\">{\"@context\":\"https:\/\/schema.org\",\"@graph\":[{\"@type\":\"WebPage\",\"@id\":\"https:\/\/proportionalmessage.eu\/os-nossos-servicos\/\",\"url\":\"https:\/\/proportionalmessage.eu\/os-nossos-servicos\/\",\"name\":\"Proportional Message - Empregabilidade e Empreendedorismo\",\"isPartOf\":{\"@id\":\"https:\/\/proportionalmessage.eu\/en\/#website\"},\"primaryImageOfPage\":{\"@id\":\"https:\/\/proportionalmessage.eu\/os-nossos-servicos\/#primaryimage\"},\"image\":{\"@id\":\"https:\/\/proportionalmessage.eu\/os-nossos-servicos\/#primaryimage\"},\"thumbnailUrl\":\"https:\/\/proportionalmessage.eu\/wp-content\/uploads\/2022\/01\/Proportional-message-associacao-apoio-social.png\",\"datePublished\":\"2017-08-21T07:58:53+00:00\",\"dateModified\":\"2024-01-18T18:42:46+00:00\",\"description\":\"Atrav\u00e9s da forma\u00e7\u00e3o e da educa\u00e7\u00e3o capacitamos os grupos socialmente desfavorecidos para promover a empregabilidade e o empreendedorismo.\",\"breadcrumb\":{\"@id\":\"https:\/\/proportionalmessage.eu\/os-nossos-servicos\/#breadcrumb\"},\"inLanguage\":\"en-GB\",\"potentialAction\":[{\"@type\":\"ReadAction\",\"target\":[\"https:\/\/proportionalmessage.eu\/os-nossos-servicos\/\"]}]},{\"@type\":\"ImageObject\",\"inLanguage\":\"en-GB\",\"@id\":\"https:\/\/proportionalmessage.eu\/os-nossos-servicos\/#primaryimage\",\"url\":\"https:\/\/proportionalmessage.eu\/wp-content\/uploads\/2022\/01\/Proportional-message-associacao-apoio-social.png\",\"contentUrl\":\"https:\/\/proportionalmessage.eu\/wp-content\/uploads\/2022\/01\/Proportional-message-associacao-apoio-social.png\",\"width\":150,\"height\":150},{\"@type\":\"BreadcrumbList\",\"@id\":\"https:\/\/proportionalmessage.eu\/os-nossos-servicos\/#breadcrumb\",\"itemListElement\":[{\"@type\":\"ListItem\",\"position\":1,\"name\":\"In\u00edcio\",\"item\":\"https:\/\/proportionalmessage.eu\/en\/\"},{\"@type\":\"ListItem\",\"position\":2,\"name\":\"Os nossos servi\u00e7os\"}]},{\"@type\":\"WebSite\",\"@id\":\"https:\/\/proportionalmessage.eu\/en\/#website\",\"url\":\"https:\/\/proportionalmessage.eu\/en\/\",\"name\":\"Proportional Message\",\"description\":\"Associa\u00e7\u00e3o\",\"potentialAction\":[{\"@type\":\"SearchAction\",\"target\":{\"@type\":\"EntryPoint\",\"urlTemplate\":\"https:\/\/proportionalmessage.eu\/en\/?s={search_term_string}\"},\"query-input\":{\"@type\":\"PropertyValueSpecification\",\"valueRequired\":true,\"valueName\":\"search_term_string\"}}],\"inLanguage\":\"en-GB\"}]}<\/script>\n<!-- \/ Yoast SEO plugin. -->","yoast_head_json":{"title":"Proportional Message - Empregabilidade e Empreendedorismo","description":"Atrav\u00e9s da forma\u00e7\u00e3o e da educa\u00e7\u00e3o capacitamos os grupos socialmente desfavorecidos para promover a empregabilidade e o empreendedorismo.","robots":{"index":"index","follow":"follow","max-snippet":"max-snippet:-1","max-image-preview":"max-image-preview:large","max-video-preview":"max-video-preview:-1"},"canonical":"https:\/\/proportionalmessage.eu\/en\/os-nossos-servicos\/","og_locale":"en_GB","og_type":"article","og_title":"Proportional Message - Empregabilidade e Empreendedorismo","og_description":"Atrav\u00e9s da forma\u00e7\u00e3o e da educa\u00e7\u00e3o capacitamos os grupos socialmente desfavorecidos para promover a empregabilidade e o empreendedorismo.","og_url":"https:\/\/proportionalmessage.eu\/en\/os-nossos-servicos\/","og_site_name":"Proportional Message","article_modified_time":"2024-01-18T18:42:46+00:00","og_image":[{"width":150,"height":150,"url":"https:\/\/proportionalmessage.eu\/wp-content\/uploads\/2022\/01\/Proportional-message-associacao-apoio-social.png","type":"image\/png"}],"twitter_card":"summary_large_image","twitter_misc":{"Estimated reading time":"4 minutes"},"schema":{"@context":"https:\/\/schema.org","@graph":[{"@type":"WebPage","@id":"https:\/\/proportionalmessage.eu\/os-nossos-servicos\/","url":"https:\/\/proportionalmessage.eu\/os-nossos-servicos\/","name":"Proportional Message - Empregabilidade e Empreendedorismo","isPartOf":{"@id":"https:\/\/proportionalmessage.eu\/en\/#website"},"primaryImageOfPage":{"@id":"https:\/\/proportionalmessage.eu\/os-nossos-servicos\/#primaryimage"},"image":{"@id":"https:\/\/proportionalmessage.eu\/os-nossos-servicos\/#primaryimage"},"thumbnailUrl":"https:\/\/proportionalmessage.eu\/wp-content\/uploads\/2022\/01\/Proportional-message-associacao-apoio-social.png","datePublished":"2017-08-21T07:58:53+00:00","dateModified":"2024-01-18T18:42:46+00:00","description":"Atrav\u00e9s da forma\u00e7\u00e3o e da educa\u00e7\u00e3o capacitamos os grupos socialmente desfavorecidos para promover a empregabilidade e o empreendedorismo.","breadcrumb":{"@id":"https:\/\/proportionalmessage.eu\/os-nossos-servicos\/#breadcrumb"},"inLanguage":"en-GB","potentialAction":[{"@type":"ReadAction","target":["https:\/\/proportionalmessage.eu\/os-nossos-servicos\/"]}]},{"@type":"ImageObject","inLanguage":"en-GB","@id":"https:\/\/proportionalmessage.eu\/os-nossos-servicos\/#primaryimage","url":"https:\/\/proportionalmessage.eu\/wp-content\/uploads\/2022\/01\/Proportional-message-associacao-apoio-social.png","contentUrl":"https:\/\/proportionalmessage.eu\/wp-content\/uploads\/2022\/01\/Proportional-message-associacao-apoio-social.png","width":150,"height":150},{"@type":"BreadcrumbList","@id":"https:\/\/proportionalmessage.eu\/os-nossos-servicos\/#breadcrumb","itemListElement":[{"@type":"ListItem","position":1,"name":"In\u00edcio","item":"https:\/\/proportionalmessage.eu\/en\/"},{"@type":"ListItem","position":2,"name":"Os nossos servi\u00e7os"}]},{"@type":"WebSite","@id":"https:\/\/proportionalmessage.eu\/en\/#website","url":"https:\/\/proportionalmessage.eu\/en\/","name":"Proportional Message","description":"Associa\u00e7\u00e3o","potentialAction":[{"@type":"SearchAction","target":{"@type":"EntryPoint","urlTemplate":"https:\/\/proportionalmessage.eu\/en\/?s={search_term_string}"},"query-input":{"@type":"PropertyValueSpecification","valueRequired":true,"valueName":"search_term_string"}}],"inLanguage":"en-GB"}]}},"_links":{"self":[{"href":"https:\/\/proportionalmessage.eu\/en\/wp-json\/wp\/v2\/pages\/603","targetHints":{"allow":["GET"]}}],"collection":[{"href":"https:\/\/proportionalmessage.eu\/en\/wp-json\/wp\/v2\/pages"}],"about":[{"href":"https:\/\/proportionalmessage.eu\/en\/wp-json\/wp\/v2\/types\/page"}],"author":[{"embeddable":true,"href":"https:\/\/proportionalmessage.eu\/en\/wp-json\/wp\/v2\/users\/1"}],"replies":[{"embeddable":true,"href":"https:\/\/proportionalmessage.eu\/en\/wp-json\/wp\/v2\/comments?post=603"}],"version-history":[{"count":17,"href":"https:\/\/proportionalmessage.eu\/en\/wp-json\/wp\/v2\/pages\/603\/revisions"}],"predecessor-version":[{"id":3916,"href":"https:\/\/proportionalmessage.eu\/en\/wp-json\/wp\/v2\/pages\/603\/revisions\/3916"}],"wp:featuredmedia":[{"embeddable":true,"href":"https:\/\/proportionalmessage.eu\/en\/wp-json\/wp\/v2\/media\/3282"}],"wp:attachment":[{"href":"https:\/\/proportionalmessage.eu\/en\/wp-json\/wp\/v2\/media?parent=603"}],"curies":[{"name":"wp","href":"https:\/\/api.w.org\/{rel}","templated":true}]}}